{"id":21,"date":"2020-10-25T09:55:59","date_gmt":"2020-10-25T09:55:59","guid":{"rendered":"https:\/\/helex.fi\/?page_id=21"},"modified":"2021-10-09T11:43:21","modified_gmt":"2021-10-09T08:43:21","slug":"joustavasti-ja-vastuullisesti-seka-toimintaa-kehittaen","status":"publish","type":"page","link":"https:\/\/helex.fi\/index.php\/joustavasti-ja-vastuullisesti-seka-toimintaa-kehittaen\/","title":{"rendered":"Palvelumme"},"content":{"rendered":"\n<p>Vuonna 1990 Arvi Siili Oy osti Helsingin Express Oy:n nykyisin Suomen DB Schenker \u2013yhti\u00f6iden nimell\u00e4 toimivalta kansainv\u00e4liselt\u00e4 logistiikka- ja kuljetusyritykselt\u00e4.<\/p>\n\n\n\n<p>Yrityksell\u00e4mme on oma 15 auton kuljetuskalusto sek\u00e4 laaja yhteisty\u00f6kumppaniverkosto. Uusimme sek\u00e4 huollamme jatkuvasti kuljetuskalustoamme, jotta voimme tarjota laadukasta ja ymp\u00e4rist\u00f6n\u00e4k\u00f6kohdat huomioivaa kuljetuspalvelua.<\/p>\n\n\n\n<p>Vantaan toimipisteest\u00e4 k\u00e4sin tarjoamme logistisia palveluja joustavasti sek\u00e4 ammattitaidolla. Palvelemme huolintaliikkeit\u00e4, teollisuutta sek\u00e4 kauppaa kustannustehokkaasti sek\u00e4 ymp\u00e4rist\u00f6tietoisesti ymp\u00e4ri suomea. Kehit\u00e4mme palveluitamme toimeksiantajiemme tarpeiden mukaan jatkuvasti muuttuvassa logistisessa ymp\u00e4rist\u00f6ss\u00e4.<\/p>\n\n\n\n<p>Tarjoamme toimivia logistiikka- ja kuljetuspalveluita:<\/p>\n\n\n\n<pre class=\"wp-block-code\"><code>\u2022   Irtoper\u00e4trailerit\n\u2022   Merikontit\n\u2022   L\u00e4mp\u00f6s\u00e4\u00e4dellyt kuljetukset\n\u2022   Jakelukuljetukset\n\u2022   Varastointipalvelut<\/code><\/pre>\n\n\n\n<p><\/p>\n\n\n\n<p>Toiminnassamme korostuvat luottamus ja vastuu. Tilaajavastuulain edellytt\u00e4m\u00e4t dokumentit l\u00f6ytyv\u00e4t tiljaavastuu.fi -palvelusta.<\/p>\n","protected":false},"excerpt":{"rendered":"<p>Vuonna 1990 Arvi Siili Oy osti Helsingin Express Oy:n nykyisin Suomen DB Schenker \u2013yhti\u00f6iden nimell\u00e4 toimivalta kansainv\u00e4liselt\u00e4 logistiikka- ja kuljetusyritykselt\u00e4. Yrityksell\u00e4mme on oma 15 auton kuljetuskalusto sek\u00e4 laaja yhteisty\u00f6kumppaniverkosto. Uusimme sek\u00e4 huollamme jatkuvasti kuljetuskalustoamme, jotta voimme tarjota laadukasta ja ymp\u00e4rist\u00f6n\u00e4k\u00f6kohdat huomioivaa kuljetuspalvelua. Vantaan toimipisteest\u00e4 k\u00e4sin tarjoamme logistisia palveluja joustavasti sek\u00e4 ammattitaidolla. Palvelemme huolintaliikkeit\u00e4, teollisuutta sek\u00e4&hellip; <br \/> <a class=\"button small blue\" href=\"https:\/\/helex.fi\/index.php\/joustavasti-ja-vastuullisesti-seka-toimintaa-kehittaen\/\">Read more<\/a><\/p>\n","protected":false},"author":1,"featured_media":0,"parent":0,"menu_order":0,"comment_status":"closed","ping_status":"closed","template":"","meta":{"footnotes":""},"class_list":["post-21","page","type-page","status-publish","hentry"],"_links":{"self":[{"href":"https:\/\/helex.fi\/index.php\/wp-json\/wp\/v2\/pages\/21","targetHints":{"allow":["GET"]}}],"collection":[{"href":"https:\/\/helex.fi\/index.php\/wp-json\/wp\/v2\/pages"}],"about":[{"href":"https:\/\/helex.fi\/index.php\/wp-json\/wp\/v2\/types\/page"}],"author":[{"embeddable":true,"href":"https:\/\/helex.fi\/index.php\/wp-json\/wp\/v2\/users\/1"}],"replies":[{"embeddable":true,"href":"https:\/\/helex.fi\/index.php\/wp-json\/wp\/v2\/comments?post=21"}],"version-history":[{"count":5,"href":"https:\/\/helex.fi\/index.php\/wp-json\/wp\/v2\/pages\/21\/revisions"}],"predecessor-version":[{"id":74,"href":"https:\/\/helex.fi\/index.php\/wp-json\/wp\/v2\/pages\/21\/revisions\/74"}],"wp:attachment":[{"href":"https:\/\/helex.fi\/index.php\/wp-json\/wp\/v2\/media?parent=21"}],"curies":[{"name":"wp","href":"https:\/\/api.w.org\/{rel}","templated":true}]}}