{"id":15,"date":"2020-10-22T16:15:33","date_gmt":"2020-10-22T16:15:33","guid":{"rendered":"https:\/\/helex.fi\/?page_id=15"},"modified":"2021-10-09T13:01:33","modified_gmt":"2021-10-09T10:01:33","slug":"kuljetuspalvelut-kaikkialle","status":"publish","type":"page","link":"https:\/\/helex.fi\/","title":{"rendered":"Helsingin Express Oy"},"content":{"rendered":"\n<p style=\"font-size:1px\"><strong>Perheyrityksen arvot ja palvelun laatu takaavat toimivan yhteisty\u00f6kumppanuuden<\/strong><\/p>\n\n\n\n<p><strong>Perheyrityksen arvot ja palvelun laatu takaavat toimivan yhteisty\u00f6kumppanuuden<\/strong><\/p>\n\n\n\n<p>Kuljetuspalvelujen ostajille keskeisimm\u00e4t kriteerit yhteisty\u00f6kumppanin valinnassa ovat luotettavuus, joustavuus ja vastuullisuus. N\u00e4m\u00e4 arvot ovat my\u00f6s Helsingin Express Oy:n toiminnan kulmakivi\u00e4.<\/p>\n\n\n\n<p>Helsingin Express Oy on kuljetus- ja logistiikka-alalla toimiva perheyritys. Juuremme ovat Pohjanmaalla ja yritys on Kristiinankaupungissa toimivan Arvi Siili Oy:n tyt\u00e4ryhti\u00f6.<\/p>\n\n\n\n<p>Hoidamme Vantaalta k\u00e4sin kuljetuksia ymp\u00e4ri Suomea. Olemme yli 30 toimintavuotemme aikana kuljettaneet maanteitse merkitt\u00e4vi\u00e4 m\u00e4\u00e4ri\u00e4 erilaisia tavaraeri\u00e4 Suomessa ja muualla EU-maissa. Yrityksemme on erikoistunut trailer- ja konttikuljetuksiin. Hoidamme my\u00f6s l\u00e4mp\u00f6- ja kylm\u00e4kuljetuksia. Lis\u00e4ksi tarjoamme p\u00e4\u00e4kaupunkiseudulla logistisia palveluita, muun muassa jakelukuljetuksia sek\u00e4 varastointia. <\/p>\n","protected":false},"excerpt":{"rendered":"<p>Perheyrityksen arvot ja palvelun laatu takaavat toimivan yhteisty\u00f6kumppanuuden Perheyrityksen arvot ja palvelun laatu takaavat toimivan yhteisty\u00f6kumppanuuden Kuljetuspalvelujen ostajille keskeisimm\u00e4t kriteerit yhteisty\u00f6kumppanin valinnassa ovat luotettavuus, joustavuus ja vastuullisuus. N\u00e4m\u00e4 arvot ovat my\u00f6s Helsingin Express Oy:n toiminnan kulmakivi\u00e4. Helsingin Express Oy on kuljetus- ja logistiikka-alalla toimiva perheyritys. Juuremme ovat Pohjanmaalla ja yritys on Kristiinankaupungissa toimivan Arvi Siili&hellip; <br \/> <a class=\"button small blue\" href=\"https:\/\/helex.fi\/\">Read more<\/a><\/p>\n","protected":false},"author":1,"featured_media":0,"parent":0,"menu_order":0,"comment_status":"closed","ping_status":"closed","template":"","meta":{"footnotes":""},"class_list":["post-15","page","type-page","status-publish","hentry"],"_links":{"self":[{"href":"https:\/\/helex.fi\/index.php\/wp-json\/wp\/v2\/pages\/15","targetHints":{"allow":["GET"]}}],"collection":[{"href":"https:\/\/helex.fi\/index.php\/wp-json\/wp\/v2\/pages"}],"about":[{"href":"https:\/\/helex.fi\/index.php\/wp-json\/wp\/v2\/types\/page"}],"author":[{"embeddable":true,"href":"https:\/\/helex.fi\/index.php\/wp-json\/wp\/v2\/users\/1"}],"replies":[{"embeddable":true,"href":"https:\/\/helex.fi\/index.php\/wp-json\/wp\/v2\/comments?post=15"}],"version-history":[{"count":10,"href":"https:\/\/helex.fi\/index.php\/wp-json\/wp\/v2\/pages\/15\/revisions"}],"predecessor-version":[{"id":94,"href":"https:\/\/helex.fi\/index.php\/wp-json\/wp\/v2\/pages\/15\/revisions\/94"}],"wp:attachment":[{"href":"https:\/\/helex.fi\/index.php\/wp-json\/wp\/v2\/media?parent=15"}],"curies":[{"name":"wp","href":"https:\/\/api.w.org\/{rel}","templated":true}]}}